{"id":3338,"date":"2020-05-05T10:01:18","date_gmt":"2020-05-05T10:01:18","guid":{"rendered":"https:\/\/konsept.qodeinteractive.com\/?page_id=3338"},"modified":"2023-06-24T07:40:54","modified_gmt":"2023-06-24T07:40:54","slug":"blog","status":"publish","type":"page","link":"https:\/\/www.maisonkaina.com\/en\/blog\/","title":{"rendered":"Blog"},"content":{"rendered":"<div data-elementor-type=\"wp-page\" data-elementor-id=\"3338\" class=\"elementor elementor-3338\">\n\t\t\t\t\t\t\t\t\t<section class=\"elementor-section elementor-top-section elementor-element elementor-element-bf21400 qodef-elementor-content-grid elementor-section-boxed elementor-section-height-default elementor-section-height-default\" data-id=\"bf21400\" data-element_type=\"section\">\n\t\t\t\t\t\t<div class=\"elementor-container elementor-column-gap-default\">\n\t\t\t\t\t<div class=\"elementor-column elementor-col-100 elementor-top-column elementor-element elementor-element-23db276\" data-id=\"23db276\" data-element_type=\"column\">\n\t\t\t<div class=\"elementor-widget-wrap elementor-element-populated\">\n\t\t\t\t\t\t\t\t<div class=\"elementor-element elementor-element-7a999fc elementor-widget elementor-widget-konsept_core_section_title\" data-id=\"7a999fc\" data-element_type=\"widget\" data-widget_type=\"konsept_core_section_title.default\">\n\t\t\t\t<div class=\"elementor-widget-container\">\n\t\t\t<div class=\"qodef-shortcode qodef-m  qodef-section-title qodef-alignment--center\">\n\t    <span class=\"qodef-m-tagline\" style=\"margin-bottom: 10px\">Daily Dose of Tips<\/span>\n\t\t<h2 class=\"qodef-m-title\" >\n\t\t\t\t\tREAD OUR BLOG\t\t\t<\/h2>\n\t<\/div>\t\t<\/div>\n\t\t\t\t<\/div>\n\t\t\t\t\t<\/div>\n\t\t<\/div>\n\t\t\t\t\t\t\t<\/div>\n\t\t<\/section>\n\t\t\t\t<section class=\"elementor-section elementor-top-section elementor-element elementor-element-4e74b51 qodef-elementor-content-grid elementor-section-boxed elementor-section-height-default elementor-section-height-default\" data-id=\"4e74b51\" data-element_type=\"section\">\n\t\t\t\t\t\t<div class=\"elementor-container elementor-column-gap-default\">\n\t\t\t\t\t<div class=\"elementor-column elementor-col-100 elementor-top-column elementor-element elementor-element-34e71c1\" data-id=\"34e71c1\" data-element_type=\"column\">\n\t\t\t<div class=\"elementor-widget-wrap elementor-element-populated\">\n\t\t\t\t\t\t\t\t<div class=\"elementor-element elementor-element-e7d78bb elementor-widget elementor-widget-konsept_core_blog_list\" data-id=\"e7d78bb\" data-element_type=\"widget\" data-widget_type=\"konsept_core_blog_list.default\">\n\t\t\t\t<div class=\"elementor-widget-container\">\n\t\t\t<div class=\"qodef-shortcode qodef-m  qodef-blog qodef--list qodef-item-layout--standard qodef-grid qodef-layout--masonry  qodef-gutter--medium qodef-col-num--3 qodef-item-layout--standard qodef-pagination--on qodef-pagination-type--load-more qodef-responsive--custom qodef-col-num--1440--3 qodef-col-num--1366--3 qodef-col-num--1024--2 qodef-col-num--768--2 qodef-col-num--680--1 qodef-col-num--480--1\" data-options=\"{&quot;plugin&quot;:&quot;konsept_core&quot;,&quot;module&quot;:&quot;blog\\\/shortcodes&quot;,&quot;shortcode&quot;:&quot;blog-list&quot;,&quot;post_type&quot;:&quot;post&quot;,&quot;next_page&quot;:&quot;2&quot;,&quot;max_pages_num&quot;:1,&quot;behavior&quot;:&quot;masonry&quot;,&quot;custom_image_width&quot;:&quot;403&quot;,&quot;columns&quot;:&quot;3&quot;,&quot;columns_responsive&quot;:&quot;custom&quot;,&quot;columns_1440&quot;:&quot;3&quot;,&quot;columns_1366&quot;:&quot;3&quot;,&quot;columns_1024&quot;:&quot;2&quot;,&quot;columns_768&quot;:&quot;2&quot;,&quot;columns_680&quot;:&quot;1&quot;,&quot;columns_480&quot;:&quot;1&quot;,&quot;space&quot;:&quot;medium&quot;,&quot;posts_per_page&quot;:&quot;9&quot;,&quot;orderby&quot;:&quot;ID&quot;,&quot;order&quot;:&quot;DESC&quot;,&quot;layout&quot;:&quot;standard&quot;,&quot;title_tag&quot;:&quot;h3&quot;,&quot;excerpt_length&quot;:&quot;83&quot;,&quot;enable_filter&quot;:&quot;no&quot;,&quot;pagination_type&quot;:&quot;load-more&quot;,&quot;pagination_type_load_more_top_margin&quot;:&quot;margin-top:35px&quot;,&quot;object_class_name&quot;:&quot;KonseptCoreBlogListShortcode&quot;,&quot;taxonomy_filter&quot;:&quot;category&quot;,&quot;space_value&quot;:20}\">\n\t\t<div class=\"qodef-grid-inner clear\">\n\t\t\t<div class=\"qodef-grid-masonry-sizer\"><\/div>\n\t<div class=\"qodef-grid-masonry-gutter\"><\/div>\n<article class=\"qodef-e qodef-grid-item post-7529 post type-post status-publish format-standard has-post-thumbnail hentry category-kaina\">\n\t<div class=\"qodef-e-inner\">\n\t\t<div class=\"qodef-e-media\">\n\t\t<div class=\"qodef-e-media-image\">\n\t\t<a itemprop=\"url\" href=\"https:\/\/www.maisonkaina.com\/en\/2023\/06\/11\/guide-dentretien-des-tapis-berberes\/\">\n\t\t\t<img fetchpriority=\"high\" decoding=\"async\" width=\"1200\" height=\"800\" src=\"https:\/\/www.maisonkaina.com\/wp-content\/uploads\/2023\/06\/Artboard-6-copy.webp\" class=\"attachment-full size-full wp-post-image\" alt=\"\" srcset=\"https:\/\/www.maisonkaina.com\/wp-content\/uploads\/2023\/06\/Artboard-6-copy.webp 1200w, https:\/\/www.maisonkaina.com\/wp-content\/uploads\/2023\/06\/Artboard-6-copy-300x200.webp 300w, https:\/\/www.maisonkaina.com\/wp-content\/uploads\/2023\/06\/Artboard-6-copy-1024x683.webp 1024w, https:\/\/www.maisonkaina.com\/wp-content\/uploads\/2023\/06\/Artboard-6-copy-768x512.webp 768w, https:\/\/www.maisonkaina.com\/wp-content\/uploads\/2023\/06\/Artboard-6-copy-1000x667.webp 1000w\" sizes=\"(max-width: 1200px) 100vw, 1200px\" \/>\t\t<\/a>\n\t<\/div>\n<\/div>\t\t<div class=\"qodef-e-content\">\n\t\t\t<div class=\"qodef-e-info qodef-info--top\">\n\t\t\t\t<div class=\"qodef-e-info-item qodef-e-info-category\">\n\t<a href=\"https:\/\/www.maisonkaina.com\/en\/category\/kaina\/\" rel=\"category tag\">KA\u00cfNA<\/a><\/div><div itemprop=\"dateCreated\" class=\"qodef-e-info-item qodef-e-info-date entry-date\">\n\t<a itemprop=\"url\" href=\"https:\/\/www.maisonkaina.com\/en\/2023\/06\/\">June 11, 2023<\/a>\n\t<meta itemprop=\"interactionCount\" content=\"UserComments: 0\"\/>\n<\/div>\t\t\t<\/div>\n\t\t\t<div class=\"qodef-e-text\">\n\t\t\t\t<h3 itemprop=\"name\" class=\"qodef-e-title entry-title\">\n\t\t\t<a itemprop=\"url\" class=\"qodef-e-title-link\" href=\"https:\/\/www.maisonkaina.com\/en\/2023\/06\/11\/guide-dentretien-des-tapis-berberes\/\">\n\t\t\tGuide d&rsquo;entretien des tapis berb\u00e8res\t\t\t<\/a>\n\t<\/h3>\t\t<p itemprop=\"description\" class=\"qodef-e-excerpt\">\n\t\t\tLes tapis berb\u00e8res sont des pi\u00e8ces d'artisanat traditionnelles et magnifiques qui\t\t<\/p>\n\t\t\t\t<\/div>\n\t\t\t<div class=\"qodef-e-info qodef-info--bottom\">\n\t\t\t\t<div class=\"qodef-e-info-left\">\n\t\t\t\t\t\t<div class=\"qodef-e-read-more\">\n\t\t<a class=\"qodef-shortcode qodef-m  qodef-button qodef-layout--textual  qodef-html--link\" href=\"https:\/\/www.maisonkaina.com\/en\/2023\/06\/11\/guide-dentretien-des-tapis-berberes\/\" target=\"_self\"  >\t<span class=\"qodef-m-text\">Read More<\/span><\/a>\t<\/div>\n\t\t\t\t<\/div>\n\t\t\t<\/div>\n\t\t<\/div>\n\t<\/div>\n<\/article><article class=\"qodef-e qodef-grid-item post-7524 post type-post status-publish format-standard has-post-thumbnail hentry category-kaina\">\n\t<div class=\"qodef-e-inner\">\n\t\t<div class=\"qodef-e-media\">\n\t\t<div class=\"qodef-e-media-image\">\n\t\t<a itemprop=\"url\" href=\"https:\/\/www.maisonkaina.com\/en\/2023\/06\/11\/guide-des-tailles-de-tapis-maison-kaina\/\">\n\t\t\t<img decoding=\"async\" width=\"1200\" height=\"800\" src=\"https:\/\/www.maisonkaina.com\/wp-content\/uploads\/2023\/06\/Artboard-6-copy-2.webp\" class=\"attachment-full size-full wp-post-image\" alt=\"\" srcset=\"https:\/\/www.maisonkaina.com\/wp-content\/uploads\/2023\/06\/Artboard-6-copy-2.webp 1200w, https:\/\/www.maisonkaina.com\/wp-content\/uploads\/2023\/06\/Artboard-6-copy-2-300x200.webp 300w, https:\/\/www.maisonkaina.com\/wp-content\/uploads\/2023\/06\/Artboard-6-copy-2-1024x683.webp 1024w, https:\/\/www.maisonkaina.com\/wp-content\/uploads\/2023\/06\/Artboard-6-copy-2-768x512.webp 768w, https:\/\/www.maisonkaina.com\/wp-content\/uploads\/2023\/06\/Artboard-6-copy-2-1000x667.webp 1000w\" sizes=\"(max-width: 1200px) 100vw, 1200px\" \/>\t\t<\/a>\n\t<\/div>\n<\/div>\t\t<div class=\"qodef-e-content\">\n\t\t\t<div class=\"qodef-e-info qodef-info--top\">\n\t\t\t\t<div class=\"qodef-e-info-item qodef-e-info-category\">\n\t<a href=\"https:\/\/www.maisonkaina.com\/en\/category\/kaina\/\" rel=\"category tag\">KA\u00cfNA<\/a><\/div><div itemprop=\"dateCreated\" class=\"qodef-e-info-item qodef-e-info-date entry-date\">\n\t<a itemprop=\"url\" href=\"https:\/\/www.maisonkaina.com\/en\/2023\/06\/\">June 11, 2023<\/a>\n\t<meta itemprop=\"interactionCount\" content=\"UserComments: 0\"\/>\n<\/div>\t\t\t<\/div>\n\t\t\t<div class=\"qodef-e-text\">\n\t\t\t\t<h3 itemprop=\"name\" class=\"qodef-e-title entry-title\">\n\t\t\t<a itemprop=\"url\" class=\"qodef-e-title-link\" href=\"https:\/\/www.maisonkaina.com\/en\/2023\/06\/11\/guide-des-tailles-de-tapis-maison-kaina\/\">\n\t\t\tGuide des tailles de tapis\t\t\t<\/a>\n\t<\/h3>\t\t<p itemprop=\"description\" class=\"qodef-e-excerpt\">\n\t\t\tChoisir la bonne taille de tapis est essentiel pour cr\u00e9er l'ambiance et l'esth\u00e9ti\t\t<\/p>\n\t\t\t\t<\/div>\n\t\t\t<div class=\"qodef-e-info qodef-info--bottom\">\n\t\t\t\t<div class=\"qodef-e-info-left\">\n\t\t\t\t\t\t<div class=\"qodef-e-read-more\">\n\t\t<a class=\"qodef-shortcode qodef-m  qodef-button qodef-layout--textual  qodef-html--link\" href=\"https:\/\/www.maisonkaina.com\/en\/2023\/06\/11\/guide-des-tailles-de-tapis-maison-kaina\/\" target=\"_self\"  >\t<span class=\"qodef-m-text\">Read More<\/span><\/a>\t<\/div>\n\t\t\t\t<\/div>\n\t\t\t<\/div>\n\t\t<\/div>\n\t<\/div>\n<\/article><article class=\"qodef-e qodef-grid-item post-1019 post type-post status-publish format-standard has-post-thumbnail hentry category-kaina tag-home tag-interior\">\n\t<div class=\"qodef-e-inner\">\n\t\t<div class=\"qodef-e-media\">\n\t\t<div class=\"qodef-e-media-image\">\n\t\t<a itemprop=\"url\" href=\"https:\/\/www.maisonkaina.com\/en\/2023\/01\/02\/comment-choisir-le-tapis-berbere-parfait-guide-ultime-pour-une-decoration-interieure-authentique\/\">\n\t\t\t<img decoding=\"async\" width=\"1200\" height=\"800\" src=\"https:\/\/www.maisonkaina.com\/wp-content\/uploads\/2023\/06\/Artboard-6-copy-4.webp\" class=\"attachment-full size-full wp-post-image\" alt=\"\" srcset=\"https:\/\/www.maisonkaina.com\/wp-content\/uploads\/2023\/06\/Artboard-6-copy-4.webp 1200w, https:\/\/www.maisonkaina.com\/wp-content\/uploads\/2023\/06\/Artboard-6-copy-4-300x200.webp 300w, https:\/\/www.maisonkaina.com\/wp-content\/uploads\/2023\/06\/Artboard-6-copy-4-1024x683.webp 1024w, https:\/\/www.maisonkaina.com\/wp-content\/uploads\/2023\/06\/Artboard-6-copy-4-768x512.webp 768w, https:\/\/www.maisonkaina.com\/wp-content\/uploads\/2023\/06\/Artboard-6-copy-4-1000x667.webp 1000w\" sizes=\"(max-width: 1200px) 100vw, 1200px\" \/>\t\t<\/a>\n\t<\/div>\n<\/div>\t\t<div class=\"qodef-e-content\">\n\t\t\t<div class=\"qodef-e-info qodef-info--top\">\n\t\t\t\t<div class=\"qodef-e-info-item qodef-e-info-category\">\n\t<a href=\"https:\/\/www.maisonkaina.com\/en\/category\/kaina\/\" rel=\"category tag\">KA\u00cfNA<\/a><\/div><div itemprop=\"dateCreated\" class=\"qodef-e-info-item qodef-e-info-date entry-date\">\n\t<a itemprop=\"url\" href=\"https:\/\/www.maisonkaina.com\/en\/2023\/01\/\">January 2, 2023<\/a>\n\t<meta itemprop=\"interactionCount\" content=\"UserComments: 0\"\/>\n<\/div>\t\t\t<\/div>\n\t\t\t<div class=\"qodef-e-text\">\n\t\t\t\t<h3 itemprop=\"name\" class=\"qodef-e-title entry-title\">\n\t\t\t<a itemprop=\"url\" class=\"qodef-e-title-link\" href=\"https:\/\/www.maisonkaina.com\/en\/2023\/01\/02\/comment-choisir-le-tapis-berbere-parfait-guide-ultime-pour-une-decoration-interieure-authentique\/\">\n\t\t\tComment choisir le tapis berb\u00e8re parfait\t\t\t<\/a>\n\t<\/h3>\t\t<p itemprop=\"description\" class=\"qodef-e-excerpt\">\n\t\t\tD\u00e9couvrez tous nos conseils pour d\u00e9corer votre int\u00e9rieur et s\u2019habiller by Kain\t\t<\/p>\n\t\t\t\t<\/div>\n\t\t\t<div class=\"qodef-e-info qodef-info--bottom\">\n\t\t\t\t<div class=\"qodef-e-info-left\">\n\t\t\t\t\t\t<div class=\"qodef-e-read-more\">\n\t\t<a class=\"qodef-shortcode qodef-m  qodef-button qodef-layout--textual  qodef-html--link\" href=\"https:\/\/www.maisonkaina.com\/en\/2023\/01\/02\/comment-choisir-le-tapis-berbere-parfait-guide-ultime-pour-une-decoration-interieure-authentique\/\" target=\"_self\"  >\t<span class=\"qodef-m-text\">Read More<\/span><\/a>\t<\/div>\n\t\t\t\t<\/div>\n\t\t\t<\/div>\n\t\t<\/div>\n\t<\/div>\n<\/article><article class=\"qodef-e qodef-grid-item post-235 post type-post status-publish format-gallery has-post-thumbnail hentry category-kaina tag-home tag-interior post_format-post-format-gallery\">\n\t<div class=\"qodef-e-inner\">\n\t\t<div class=\"qodef-e-media\">\n\t\t<div class=\"qodef-e-media-image\">\n\t\t\t\t\t<a itemprop=\"url\" href=\"https:\/\/www.maisonkaina.com\/en\/2023\/06\/20\/hommage-a-la-puissante-reine-kahina-dihya\/\">\n\t\t\t\t\t<img loading=\"lazy\" decoding=\"async\" width=\"1200\" height=\"800\" src=\"https:\/\/www.maisonkaina.com\/wp-content\/uploads\/2023\/06\/Artboard-6.webp\" class=\"attachment-full size-full wp-post-image\" alt=\"\" srcset=\"https:\/\/www.maisonkaina.com\/wp-content\/uploads\/2023\/06\/Artboard-6.webp 1200w, https:\/\/www.maisonkaina.com\/wp-content\/uploads\/2023\/06\/Artboard-6-300x200.webp 300w, https:\/\/www.maisonkaina.com\/wp-content\/uploads\/2023\/06\/Artboard-6-1024x683.webp 1024w, https:\/\/www.maisonkaina.com\/wp-content\/uploads\/2023\/06\/Artboard-6-768x512.webp 768w, https:\/\/www.maisonkaina.com\/wp-content\/uploads\/2023\/06\/Artboard-6-1000x667.webp 1000w\" sizes=\"(max-width: 1200px) 100vw, 1200px\" \/>\t\t\t\t\t<\/a>\n\t\t\t\t\t<\/div>\n<\/div>\t\t<div class=\"qodef-e-content\">\n\t\t\t<div class=\"qodef-e-info qodef-info--top\">\n\t\t\t\t<div class=\"qodef-e-info-item qodef-e-info-category\">\n\t<a href=\"https:\/\/www.maisonkaina.com\/en\/category\/kaina\/\" rel=\"category tag\">KA\u00cfNA<\/a><\/div><div itemprop=\"dateCreated\" class=\"qodef-e-info-item qodef-e-info-date entry-date\">\n\t<a itemprop=\"url\" href=\"https:\/\/www.maisonkaina.com\/en\/2023\/06\/\">June 20, 2023<\/a>\n\t<meta itemprop=\"interactionCount\" content=\"UserComments: 0\"\/>\n<\/div>\t\t\t<\/div>\n\t\t\t<div class=\"qodef-e-text\">\n\t\t\t\t<h3 itemprop=\"name\" class=\"qodef-e-title entry-title\">\n\t\t\t<a itemprop=\"url\" class=\"qodef-e-title-link\" href=\"https:\/\/www.maisonkaina.com\/en\/2023\/06\/20\/hommage-a-la-puissante-reine-kahina-dihya\/\">\n\t\t\tHommage \u00e0 la puissante reine Kahina Dihya\t\t\t<\/a>\n\t<\/h3>\t\t<p itemprop=\"description\" class=\"qodef-e-excerpt\">\n\t\t\tDans cet article, plongeons dans l'univers de Maison KA\u00cfNA et explorons la connexi\t\t<\/p>\n\t\t\t\t<\/div>\n\t\t\t<div class=\"qodef-e-info qodef-info--bottom\">\n\t\t\t\t<div class=\"qodef-e-info-left\">\n\t\t\t\t\t\t<div class=\"qodef-e-read-more\">\n\t\t<a class=\"qodef-shortcode qodef-m  qodef-button qodef-layout--textual  qodef-html--link\" href=\"https:\/\/www.maisonkaina.com\/en\/2023\/06\/20\/hommage-a-la-puissante-reine-kahina-dihya\/\" target=\"_self\"  >\t<span class=\"qodef-m-text\">Read More<\/span><\/a>\t<\/div>\n\t\t\t\t<\/div>\n\t\t\t<\/div>\n\t\t<\/div>\n\t<\/div>\n<\/article><article class=\"qodef-e qodef-grid-item post-92 post type-post status-publish format-standard has-post-thumbnail hentry category-kaina tag-home tag-interior\">\n\t<div class=\"qodef-e-inner\">\n\t\t<div class=\"qodef-e-media\">\n\t\t<div class=\"qodef-e-media-image\">\n\t\t<a itemprop=\"url\" href=\"https:\/\/www.maisonkaina.com\/en\/2023\/03\/27\/tapis-marocains-faits-main-guide-ultime-avant-lachat-dune-piece-dart-intemporelle-pour-votre-interieur\/\">\n\t\t\t<img loading=\"lazy\" decoding=\"async\" width=\"1200\" height=\"800\" src=\"https:\/\/www.maisonkaina.com\/wp-content\/uploads\/2023\/06\/Artboard-6-copy-3.webp\" class=\"attachment-full size-full wp-post-image\" alt=\"\" srcset=\"https:\/\/www.maisonkaina.com\/wp-content\/uploads\/2023\/06\/Artboard-6-copy-3.webp 1200w, https:\/\/www.maisonkaina.com\/wp-content\/uploads\/2023\/06\/Artboard-6-copy-3-300x200.webp 300w, https:\/\/www.maisonkaina.com\/wp-content\/uploads\/2023\/06\/Artboard-6-copy-3-1024x683.webp 1024w, https:\/\/www.maisonkaina.com\/wp-content\/uploads\/2023\/06\/Artboard-6-copy-3-768x512.webp 768w, https:\/\/www.maisonkaina.com\/wp-content\/uploads\/2023\/06\/Artboard-6-copy-3-1000x667.webp 1000w\" sizes=\"(max-width: 1200px) 100vw, 1200px\" \/>\t\t<\/a>\n\t<\/div>\n<\/div>\t\t<div class=\"qodef-e-content\">\n\t\t\t<div class=\"qodef-e-info qodef-info--top\">\n\t\t\t\t<div class=\"qodef-e-info-item qodef-e-info-category\">\n\t<a href=\"https:\/\/www.maisonkaina.com\/en\/category\/kaina\/\" rel=\"category tag\">KA\u00cfNA<\/a><\/div><div itemprop=\"dateCreated\" class=\"qodef-e-info-item qodef-e-info-date entry-date\">\n\t<a itemprop=\"url\" href=\"https:\/\/www.maisonkaina.com\/en\/2023\/03\/\">March 27, 2023<\/a>\n\t<meta itemprop=\"interactionCount\" content=\"UserComments: 4\"\/>\n<\/div>\t\t\t<\/div>\n\t\t\t<div class=\"qodef-e-text\">\n\t\t\t\t<h3 itemprop=\"name\" class=\"qodef-e-title entry-title\">\n\t\t\t<a itemprop=\"url\" class=\"qodef-e-title-link\" href=\"https:\/\/www.maisonkaina.com\/en\/2023\/03\/27\/tapis-marocains-faits-main-guide-ultime-avant-lachat-dune-piece-dart-intemporelle-pour-votre-interieur\/\">\n\t\t\tGuide ultime avant l&rsquo;achat d&rsquo;une pi\u00e8ce d&rsquo;art pour votre int\u00e9rieur\t\t\t<\/a>\n\t<\/h3>\t\t<p itemprop=\"description\" class=\"qodef-e-excerpt\">\n\t\t\tVous recherchez l'\u00e9l\u00e9gance intemporelle et l'authenticit\u00e9 d'un tapis marocain fa\t\t<\/p>\n\t\t\t\t<\/div>\n\t\t\t<div class=\"qodef-e-info qodef-info--bottom\">\n\t\t\t\t<div class=\"qodef-e-info-left\">\n\t\t\t\t\t\t<div class=\"qodef-e-read-more\">\n\t\t<a class=\"qodef-shortcode qodef-m  qodef-button qodef-layout--textual  qodef-html--link\" href=\"https:\/\/www.maisonkaina.com\/en\/2023\/03\/27\/tapis-marocains-faits-main-guide-ultime-avant-lachat-dune-piece-dart-intemporelle-pour-votre-interieur\/\" target=\"_self\"  >\t<span class=\"qodef-m-text\">Read More<\/span><\/a>\t<\/div>\n\t\t\t\t<\/div>\n\t\t\t<\/div>\n\t\t<\/div>\n\t<\/div>\n<\/article>\t<\/div>\n\t<\/div>\t\t<\/div>\n\t\t\t\t<\/div>\n\t\t\t\t\t<\/div>\n\t\t<\/div>\n\t\t\t\t\t\t\t<\/div>\n\t\t<\/section>\n\t\t\t\t\t\t\t<\/div>","protected":false},"excerpt":{"rendered":"<p>Daily Dose of Tips READ OUR BLOG Uncategorized juin 11, 2023 Guide d&rsquo;entretien des tapis berb\u00e8res : Les tapis berb\u00e8res sont des pi\u00e8ces d&rsquo;artisanat traditionnelles et magnifiques qui Read More Uncategorized juin 11, 2023 Guide des tailles de tapis &#8211; Maison KA\u00cfNA : Choisir la bonne taille de tapis est essentiel pour cr\u00e9er l&rsquo;ambiance et [&hellip;]<\/p>","protected":false},"author":1,"featured_media":0,"parent":0,"menu_order":0,"comment_status":"closed","ping_status":"closed","template":"page-full-width.php","meta":{"footnotes":""},"class_list":["post-3338","page","type-page","status-publish","hentry"],"jetpack_sharing_enabled":true,"_links":{"self":[{"href":"https:\/\/www.maisonkaina.com\/en\/wp-json\/wp\/v2\/pages\/3338","targetHints":{"allow":["GET"]}}],"collection":[{"href":"https:\/\/www.maisonkaina.com\/en\/wp-json\/wp\/v2\/pages"}],"about":[{"href":"https:\/\/www.maisonkaina.com\/en\/wp-json\/wp\/v2\/types\/page"}],"author":[{"embeddable":true,"href":"https:\/\/www.maisonkaina.com\/en\/wp-json\/wp\/v2\/users\/1"}],"replies":[{"embeddable":true,"href":"https:\/\/www.maisonkaina.com\/en\/wp-json\/wp\/v2\/comments?post=3338"}],"version-history":[{"count":4,"href":"https:\/\/www.maisonkaina.com\/en\/wp-json\/wp\/v2\/pages\/3338\/revisions"}],"predecessor-version":[{"id":7808,"href":"https:\/\/www.maisonkaina.com\/en\/wp-json\/wp\/v2\/pages\/3338\/revisions\/7808"}],"wp:attachment":[{"href":"https:\/\/www.maisonkaina.com\/en\/wp-json\/wp\/v2\/media?parent=3338"}],"curies":[{"name":"wp","href":"https:\/\/api.w.org\/{rel}","templated":true}]}}