{"id":7764,"date":"2023-06-11T21:38:22","date_gmt":"2023-06-11T21:38:22","guid":{"rendered":"https:\/\/www.maisonkaina.com\/?post_type=product&#038;p=7764"},"modified":"2024-05-04T16:33:40","modified_gmt":"2024-05-04T16:33:40","slug":"plaid-beige-nude","status":"publish","type":"product","link":"https:\/\/www.maisonkaina.com\/en\/product\/plaid-beige-nude\/","title":{"rendered":"Beige\/Nude Plaid"},"content":{"rendered":"<p>Fabriqu\u00e9 \u00e0 la main avec du coton de laine, il est d&rsquo;une douceur incomparable et offre une sensation de confort ultime. Avec ses pompons en laine et ses couleurs vibrantes, ce plaid est non seulement fonctionnel, mais \u00e9galement esth\u00e9tique. Utilisez-le comme jet\u00e9 de lit ou de canap\u00e9 pour ajouter une touche de chaleur et d&rsquo;\u00e9l\u00e9gance \u00e0 n&rsquo;importe quelle pi\u00e8ce.<\/p>","protected":false},"excerpt":{"rendered":"<p>This exquisite throw, inspired by Berber craftsmanship, is a true work of art.<\/p>","protected":false},"featured_media":8161,"comment_status":"open","ping_status":"closed","template":"","meta":[],"product_cat":[140],"product_tag":[],"class_list":{"0":"post-7764","1":"product","2":"type-product","3":"status-publish","4":"has-post-thumbnail","6":"product_cat-plaids","8":"first","9":"instock","10":"taxable","11":"shipping-taxable","12":"purchasable","13":"product-type-simple"},"jetpack_sharing_enabled":true,"_links":{"self":[{"href":"https:\/\/www.maisonkaina.com\/en\/wp-json\/wp\/v2\/product\/7764","targetHints":{"allow":["GET"]}}],"collection":[{"href":"https:\/\/www.maisonkaina.com\/en\/wp-json\/wp\/v2\/product"}],"about":[{"href":"https:\/\/www.maisonkaina.com\/en\/wp-json\/wp\/v2\/types\/product"}],"replies":[{"embeddable":true,"href":"https:\/\/www.maisonkaina.com\/en\/wp-json\/wp\/v2\/comments?post=7764"}],"wp:featuredmedia":[{"embeddable":true,"href":"https:\/\/www.maisonkaina.com\/en\/wp-json\/wp\/v2\/media\/8161"}],"wp:attachment":[{"href":"https:\/\/www.maisonkaina.com\/en\/wp-json\/wp\/v2\/media?parent=7764"}],"wp:term":[{"taxonomy":"product_cat","embeddable":true,"href":"https:\/\/www.maisonkaina.com\/en\/wp-json\/wp\/v2\/product_cat?post=7764"},{"taxonomy":"product_tag","embeddable":true,"href":"https:\/\/www.maisonkaina.com\/en\/wp-json\/wp\/v2\/product_tag?post=7764"}],"curies":[{"name":"wp","href":"https:\/\/api.w.org\/{rel}","templated":true}]}}