{"id":8450,"date":"2023-11-04T00:20:48","date_gmt":"2023-11-04T00:20:48","guid":{"rendered":"https:\/\/www.maisonkaina.com\/?post_type=product&#038;p=8450"},"modified":"2024-01-03T01:50:02","modified_gmt":"2024-01-03T01:50:02","slug":"banc-en-rotin","status":"publish","type":"product","link":"https:\/\/www.maisonkaina.com\/en\/product\/banc-en-rotin\/","title":{"rendered":"Banc en Rotin"},"content":{"rendered":"<p>Magnifique banc en rotin au style champ\u00eatre chic, pouvant \u00eatre dispos\u00e9 sous un patio, dans une chambre ou une entr\u00e9e. Son utilisation en ext\u00e9rieur est \u00e9galement envisageable, \u00e0 condition qu&rsquo;il soit \u00e0 l&rsquo;abri de la pluie. Veuillez noter que le matelas coussin n&rsquo;est pas inclus dans la livraison.<\/p>\n<p>Ce banc est disponible en trois teintes \u00e9l\u00e9gantes au choix : naturel clair, naturel miel ou brun fonc\u00e9. Il est \u00e9galement dot\u00e9 d&rsquo;une protection \u00e0 base de vernis incolore. Sa fabrication artisanale exclusive demande quelques semaines de d\u00e9lai. Sur demande, d&rsquo;autres dimensions peuvent \u00eatre envisag\u00e9es.<\/p>\n<p>Les dimensions standard de ce banc sont de 125x48xH75cm, ajoutant une touche de sophistication et de confort \u00e0 votre espace de vie. Profitez de cette pi\u00e8ce unique pour sublimer votre d\u00e9cor avec l&rsquo;authenticit\u00e9 du rotin.<\/p>","protected":false},"excerpt":{"rendered":"<p>Magnifique banc en rotin au style champ\u00eatre chic, pouvant \u00eatre dispos\u00e9 sous un patio, dans une chambre ou une entr\u00e9e. Son utilisation en ext\u00e9rieur est \u00e9galement envisageable, \u00e0 condition qu&rsquo;il soit \u00e0 l&rsquo;abri de la pluie. Veuillez noter que le matelas coussin n&rsquo;est pas inclus dans la livraison. Ce banc est disponible en trois teintes [&hellip;]<\/p>","protected":false},"featured_media":8451,"comment_status":"open","ping_status":"closed","template":"","meta":[],"product_cat":[161],"product_tag":[],"class_list":{"0":"post-8450","1":"product","2":"type-product","3":"status-publish","4":"has-post-thumbnail","6":"product_cat-meubles","8":"first","9":"instock","10":"taxable","11":"shipping-taxable","12":"purchasable","13":"product-type-variable"},"jetpack_sharing_enabled":true,"_links":{"self":[{"href":"https:\/\/www.maisonkaina.com\/en\/wp-json\/wp\/v2\/product\/8450","targetHints":{"allow":["GET"]}}],"collection":[{"href":"https:\/\/www.maisonkaina.com\/en\/wp-json\/wp\/v2\/product"}],"about":[{"href":"https:\/\/www.maisonkaina.com\/en\/wp-json\/wp\/v2\/types\/product"}],"replies":[{"embeddable":true,"href":"https:\/\/www.maisonkaina.com\/en\/wp-json\/wp\/v2\/comments?post=8450"}],"wp:featuredmedia":[{"embeddable":true,"href":"https:\/\/www.maisonkaina.com\/en\/wp-json\/wp\/v2\/media\/8451"}],"wp:attachment":[{"href":"https:\/\/www.maisonkaina.com\/en\/wp-json\/wp\/v2\/media?parent=8450"}],"wp:term":[{"taxonomy":"product_cat","embeddable":true,"href":"https:\/\/www.maisonkaina.com\/en\/wp-json\/wp\/v2\/product_cat?post=8450"},{"taxonomy":"product_tag","embeddable":true,"href":"https:\/\/www.maisonkaina.com\/en\/wp-json\/wp\/v2\/product_tag?post=8450"}],"curies":[{"name":"wp","href":"https:\/\/api.w.org\/{rel}","templated":true}]}}