{"id":8455,"date":"2023-11-04T00:27:02","date_gmt":"2023-11-04T00:27:02","guid":{"rendered":"https:\/\/www.maisonkaina.com\/?post_type=product&#038;p=8455"},"modified":"2024-01-03T01:40:46","modified_gmt":"2024-01-03T01:40:46","slug":"chaise-en-rotin","status":"publish","type":"product","link":"https:\/\/www.maisonkaina.com\/en\/product\/chaise-en-rotin\/","title":{"rendered":"Chaise en Rotin"},"content":{"rendered":"<p>Une chaise charmante dot\u00e9e d&rsquo;un dossier \u00e9voquant un soleil estival, d&rsquo;une \u00e9l\u00e9gante structure en rotin naturel, et d&rsquo;une robustesse remarquable. Ses caract\u00e9ristiques comprennent une composition enti\u00e8rement en rotin verni, avec une finition disponible en trois teintes s\u00e9duisantes : naturel clair, miel ou brun fonc\u00e9. Livr\u00e9e avec un coussin d\u00e9houssable pour un confort optimal, cette chaise est prot\u00e9g\u00e9e par un vernis incolore.<\/p>\n<p>Chaque pi\u00e8ce est confectionn\u00e9e de mani\u00e8re unique, n\u00e9cessitant quelques semaines de d\u00e9lai de production pour une fabrication artisanale de qualit\u00e9. Il est toutefois recommand\u00e9 de prot\u00e9ger la chaise de la pluie en la pla\u00e7ant \u00e0 l&rsquo;abri, pr\u00e9servant ainsi sa beaut\u00e9 et sa durabilit\u00e9 au fil du temps. Profitez de l&rsquo;alliance parfaite entre le design esth\u00e9tique et la fonctionnalit\u00e9 pratique qu&rsquo;offre cette chaise.<\/p>","protected":false},"excerpt":{"rendered":"<p>Une chaise charmante dot\u00e9e d&rsquo;un dossier \u00e9voquant un soleil estival, d&rsquo;une \u00e9l\u00e9gante structure en rotin naturel, et d&rsquo;une robustesse remarquable. Ses caract\u00e9ristiques comprennent une composition enti\u00e8rement en rotin verni, avec une finition disponible en trois teintes s\u00e9duisantes : naturel clair, miel ou brun fonc\u00e9. Livr\u00e9e avec un coussin d\u00e9houssable pour un confort optimal, cette chaise [&hellip;]<\/p>","protected":false},"featured_media":8721,"comment_status":"open","ping_status":"closed","template":"","meta":[],"product_cat":[161],"product_tag":[],"class_list":{"0":"post-8455","1":"product","2":"type-product","3":"status-publish","4":"has-post-thumbnail","6":"product_cat-meubles","8":"first","9":"instock","10":"taxable","11":"shipping-taxable","12":"purchasable","13":"product-type-variable"},"jetpack_sharing_enabled":true,"_links":{"self":[{"href":"https:\/\/www.maisonkaina.com\/en\/wp-json\/wp\/v2\/product\/8455","targetHints":{"allow":["GET"]}}],"collection":[{"href":"https:\/\/www.maisonkaina.com\/en\/wp-json\/wp\/v2\/product"}],"about":[{"href":"https:\/\/www.maisonkaina.com\/en\/wp-json\/wp\/v2\/types\/product"}],"replies":[{"embeddable":true,"href":"https:\/\/www.maisonkaina.com\/en\/wp-json\/wp\/v2\/comments?post=8455"}],"wp:featuredmedia":[{"embeddable":true,"href":"https:\/\/www.maisonkaina.com\/en\/wp-json\/wp\/v2\/media\/8721"}],"wp:attachment":[{"href":"https:\/\/www.maisonkaina.com\/en\/wp-json\/wp\/v2\/media?parent=8455"}],"wp:term":[{"taxonomy":"product_cat","embeddable":true,"href":"https:\/\/www.maisonkaina.com\/en\/wp-json\/wp\/v2\/product_cat?post=8455"},{"taxonomy":"product_tag","embeddable":true,"href":"https:\/\/www.maisonkaina.com\/en\/wp-json\/wp\/v2\/product_tag?post=8455"}],"curies":[{"name":"wp","href":"https:\/\/api.w.org\/{rel}","templated":true}]}}