{"id":8491,"date":"2023-11-04T01:03:21","date_gmt":"2023-11-04T01:03:21","guid":{"rendered":"https:\/\/www.maisonkaina.com\/?post_type=product&#038;p=8491"},"modified":"2024-01-03T01:15:32","modified_gmt":"2024-01-03T01:15:32","slug":"parasol-vagues","status":"publish","type":"product","link":"https:\/\/www.maisonkaina.com\/en\/product\/parasol-vagues\/","title":{"rendered":"Parasol Vagues"},"content":{"rendered":"<p>Parfait pour agr\u00e9menter votre espace ext\u00e9rieur, ce parasol combine avec \u00e9l\u00e9gance le rotin naturel et le m\u00e9tal lest\u00e9, envelopp\u00e9 d&rsquo;une couverture en rotin assortie. Id\u00e9al pour cr\u00e9er une ambiance d\u00e9contract\u00e9e autour de la piscine, pour sublimer un restaurant en bord de mer, une terrasse ou un patio.<\/p>\n<p>Le chapeau du parasol, ainsi que le rev\u00eatement du socle, sont soigneusement tress\u00e9s \u00e0 la main, ajoutant une touche artisanale et authentique \u00e0 votre d\u00e9cor ext\u00e9rieur. \u00c0 noter que ce parasol n&rsquo;est pas inclinable, mais sa stabilit\u00e9 est assur\u00e9e par le poids du pied en m\u00e9tal lest\u00e9.<\/p>\n<p><strong>Dimensions<\/strong><br \/>\nHauteur totale : 180 cm<br \/>\nDiam\u00e8tre du chapeau : 120 cm<\/p>\n<p>Hauteur du chapeau : 50 cm dont 10 cm de bord en forme de vagues.<\/p>\n<p><strong>D\u00e9lai de production\u00a0<\/strong>:<\/p>\n<p>Environ 7 semaines.<br \/>\nProduit r\u00e9alis\u00e9 \u00e0 la main au Maroc<\/p>","protected":false},"excerpt":{"rendered":"<p>Parfait pour agr\u00e9menter votre espace ext\u00e9rieur, ce parasol combine avec \u00e9l\u00e9gance le rotin naturel et le m\u00e9tal lest\u00e9, envelopp\u00e9 d&rsquo;une couverture en rotin assortie. Id\u00e9al pour cr\u00e9er une ambiance d\u00e9contract\u00e9e autour de la piscine, pour sublimer un restaurant en bord de mer, une terrasse ou un patio. Le chapeau du parasol, ainsi que le rev\u00eatement [&hellip;]<\/p>","protected":false},"featured_media":8713,"comment_status":"open","ping_status":"closed","template":"","meta":[],"product_cat":[161],"product_tag":[],"class_list":{"0":"post-8491","1":"product","2":"type-product","3":"status-publish","4":"has-post-thumbnail","6":"product_cat-meubles","8":"first","9":"instock","10":"taxable","11":"shipping-taxable","12":"purchasable","13":"product-type-simple"},"jetpack_sharing_enabled":true,"_links":{"self":[{"href":"https:\/\/www.maisonkaina.com\/en\/wp-json\/wp\/v2\/product\/8491","targetHints":{"allow":["GET"]}}],"collection":[{"href":"https:\/\/www.maisonkaina.com\/en\/wp-json\/wp\/v2\/product"}],"about":[{"href":"https:\/\/www.maisonkaina.com\/en\/wp-json\/wp\/v2\/types\/product"}],"replies":[{"embeddable":true,"href":"https:\/\/www.maisonkaina.com\/en\/wp-json\/wp\/v2\/comments?post=8491"}],"wp:featuredmedia":[{"embeddable":true,"href":"https:\/\/www.maisonkaina.com\/en\/wp-json\/wp\/v2\/media\/8713"}],"wp:attachment":[{"href":"https:\/\/www.maisonkaina.com\/en\/wp-json\/wp\/v2\/media?parent=8491"}],"wp:term":[{"taxonomy":"product_cat","embeddable":true,"href":"https:\/\/www.maisonkaina.com\/en\/wp-json\/wp\/v2\/product_cat?post=8491"},{"taxonomy":"product_tag","embeddable":true,"href":"https:\/\/www.maisonkaina.com\/en\/wp-json\/wp\/v2\/product_tag?post=8491"}],"curies":[{"name":"wp","href":"https:\/\/api.w.org\/{rel}","templated":true}]}}