{"id":8497,"date":"2023-11-04T01:08:34","date_gmt":"2023-11-04T01:08:34","guid":{"rendered":"https:\/\/www.maisonkaina.com\/?post_type=product&#038;p=8497"},"modified":"2024-01-03T01:17:48","modified_gmt":"2024-01-03T01:17:48","slug":"gueridon-onda","status":"publish","type":"product","link":"https:\/\/www.maisonkaina.com\/en\/product\/gueridon-onda\/","title":{"rendered":"Gu\u00e9ridon Onda"},"content":{"rendered":"<p>Notre gu\u00e9ridon, polyvalent en tant que bout de canap\u00e9 ou table de chevet, est fabriqu\u00e9 \u00e0 la main en rotin, avec un pied inspir\u00e9 du style Tataoui, embl\u00e9matique du design marocain.<\/p>\n<p>Le plateau pr\u00e9sente un tressage ondul\u00e9 sur les bords, reposant sur un pi\u00e9tement MDF dot\u00e9 de lamelles de bois contrecoll\u00e9es.<\/p>\n<p>&nbsp;<\/p>\n<p>Vous avez le choix entre trois finitions de couleur : naturel clair, miel ou brun fonc\u00e9. Pour assurer sa protection, le gu\u00e9ridon est recouvert d&rsquo;un vernis incolore. Chaque pi\u00e8ce est con\u00e7ue de mani\u00e8re unique, n\u00e9cessitant un d\u00e9lai de fabrication de quelques semaines.<\/p>\n<p>Il est recommand\u00e9 de le prot\u00e9ger de la pluie pour garantir sa durabilit\u00e9.<\/p>\n<p>&nbsp;<\/p>\n<p>Les dimensions de ce gu\u00e9ridon sont les suivantes : hauteur de 56 cm, et une largeur de plateau de 62 cm. Avec son esth\u00e9tique soign\u00e9e et son inspiration marocaine, il ajoute une touche unique \u00e0 tout espace.<\/p>","protected":false},"excerpt":{"rendered":"<p>Notre gu\u00e9ridon, polyvalent en tant que bout de canap\u00e9 ou table de chevet, est fabriqu\u00e9 \u00e0 la main en rotin, avec un pied inspir\u00e9 du style Tataoui, embl\u00e9matique du design marocain. Le plateau pr\u00e9sente un tressage ondul\u00e9 sur les bords, reposant sur un pi\u00e9tement MDF dot\u00e9 de lamelles de bois contrecoll\u00e9es. &nbsp; Vous avez le [&hellip;]<\/p>","protected":false},"featured_media":8595,"comment_status":"open","ping_status":"closed","template":"","meta":[],"product_cat":[161],"product_tag":[],"class_list":{"0":"post-8497","1":"product","2":"type-product","3":"status-publish","4":"has-post-thumbnail","6":"product_cat-meubles","8":"first","9":"instock","10":"taxable","11":"shipping-taxable","12":"purchasable","13":"product-type-simple"},"jetpack_sharing_enabled":true,"_links":{"self":[{"href":"https:\/\/www.maisonkaina.com\/en\/wp-json\/wp\/v2\/product\/8497","targetHints":{"allow":["GET"]}}],"collection":[{"href":"https:\/\/www.maisonkaina.com\/en\/wp-json\/wp\/v2\/product"}],"about":[{"href":"https:\/\/www.maisonkaina.com\/en\/wp-json\/wp\/v2\/types\/product"}],"replies":[{"embeddable":true,"href":"https:\/\/www.maisonkaina.com\/en\/wp-json\/wp\/v2\/comments?post=8497"}],"wp:featuredmedia":[{"embeddable":true,"href":"https:\/\/www.maisonkaina.com\/en\/wp-json\/wp\/v2\/media\/8595"}],"wp:attachment":[{"href":"https:\/\/www.maisonkaina.com\/en\/wp-json\/wp\/v2\/media?parent=8497"}],"wp:term":[{"taxonomy":"product_cat","embeddable":true,"href":"https:\/\/www.maisonkaina.com\/en\/wp-json\/wp\/v2\/product_cat?post=8497"},{"taxonomy":"product_tag","embeddable":true,"href":"https:\/\/www.maisonkaina.com\/en\/wp-json\/wp\/v2\/product_tag?post=8497"}],"curies":[{"name":"wp","href":"https:\/\/api.w.org\/{rel}","templated":true}]}}