{"id":8511,"date":"2023-11-04T01:21:07","date_gmt":"2023-11-04T01:21:07","guid":{"rendered":"https:\/\/www.maisonkaina.com\/?post_type=product&#038;p=8511"},"modified":"2024-01-03T01:16:59","modified_gmt":"2024-01-03T01:16:59","slug":"table-haute-en-rotin-et-marbre","status":"publish","type":"product","link":"https:\/\/www.maisonkaina.com\/en\/product\/table-haute-en-rotin-et-marbre\/","title":{"rendered":"Table Haute En Rotin Et Marbre"},"content":{"rendered":"<p>Cette table majestueuse pr\u00e9sente une double mati\u00e8re avec un rev\u00eatement en marbre prot\u00e9g\u00e9 par une couche de vernis, reposant sur un solide pied central en forme de Tataoui compos\u00e9 de baguettes de rotin contrecoll\u00e9es. Ce meuble requiert un travail de pr\u00e9cision effectu\u00e9 par nos artisans, qui le confectionnent enti\u00e8rement \u00e0 la main.<\/p>\n<p>La finition du pied est en miel, comme illustr\u00e9 sur la photo. Cette table a la particularit\u00e9 de pouvoir \u00eatre laiss\u00e9e \u00e0 l&rsquo;ext\u00e9rieur, offrant ainsi une polyvalence d&rsquo;utilisation. Chaque pi\u00e8ce est r\u00e9alis\u00e9e de mani\u00e8re unique, avec un processus de fabrication n\u00e9cessitant quelques semaines.<\/p>\n<p>Les dimensions standard de la table sont de D121 x L72 cm<\/p>\n<p>D&rsquo;autres dimensions sont possibles sur demande.<\/p>\n<p>Cette cr\u00e9ation exceptionnelle allie l&rsquo;esth\u00e9tique du marbre, la robustesse du rotin, et le savoir-faire artisanal pour cr\u00e9er un meuble aussi fonctionnel que d\u00e9coratif.<\/p>","protected":false},"excerpt":{"rendered":"<p>Cette table majestueuse pr\u00e9sente une double mati\u00e8re avec un rev\u00eatement en marbre prot\u00e9g\u00e9 par une couche de vernis, reposant sur un solide pied central en forme de Tataoui compos\u00e9 de baguettes de rotin contrecoll\u00e9es. Ce meuble requiert un travail de pr\u00e9cision effectu\u00e9 par nos artisans, qui le confectionnent enti\u00e8rement \u00e0 la main. La finition du [&hellip;]<\/p>","protected":false},"featured_media":8512,"comment_status":"open","ping_status":"closed","template":"","meta":[],"product_cat":[161],"product_tag":[],"class_list":{"0":"post-8511","1":"product","2":"type-product","3":"status-publish","4":"has-post-thumbnail","6":"product_cat-meubles","8":"first","9":"instock","10":"taxable","11":"shipping-taxable","12":"purchasable","13":"product-type-simple"},"jetpack_sharing_enabled":true,"_links":{"self":[{"href":"https:\/\/www.maisonkaina.com\/en\/wp-json\/wp\/v2\/product\/8511","targetHints":{"allow":["GET"]}}],"collection":[{"href":"https:\/\/www.maisonkaina.com\/en\/wp-json\/wp\/v2\/product"}],"about":[{"href":"https:\/\/www.maisonkaina.com\/en\/wp-json\/wp\/v2\/types\/product"}],"replies":[{"embeddable":true,"href":"https:\/\/www.maisonkaina.com\/en\/wp-json\/wp\/v2\/comments?post=8511"}],"wp:featuredmedia":[{"embeddable":true,"href":"https:\/\/www.maisonkaina.com\/en\/wp-json\/wp\/v2\/media\/8512"}],"wp:attachment":[{"href":"https:\/\/www.maisonkaina.com\/en\/wp-json\/wp\/v2\/media?parent=8511"}],"wp:term":[{"taxonomy":"product_cat","embeddable":true,"href":"https:\/\/www.maisonkaina.com\/en\/wp-json\/wp\/v2\/product_cat?post=8511"},{"taxonomy":"product_tag","embeddable":true,"href":"https:\/\/www.maisonkaina.com\/en\/wp-json\/wp\/v2\/product_tag?post=8511"}],"curies":[{"name":"wp","href":"https:\/\/api.w.org\/{rel}","templated":true}]}}