{"id":8514,"date":"2023-11-04T01:23:36","date_gmt":"2023-11-04T01:23:36","guid":{"rendered":"https:\/\/www.maisonkaina.com\/?post_type=product&#038;p=8514"},"modified":"2024-01-03T01:16:47","modified_gmt":"2024-01-03T01:16:47","slug":"table-haute-pied-ondule","status":"publish","type":"product","link":"https:\/\/www.maisonkaina.com\/en\/product\/table-haute-pied-ondule\/","title":{"rendered":"Table Haute Pied Ondul\u00e9"},"content":{"rendered":"<p>Cette table ronde en rotin tiss\u00e9 \u00e0 la main par nos artisans au Maroc incarne la puret\u00e9 et l&rsquo;\u00e9l\u00e9gance absolue. Mont\u00e9e solidement sur un pied d&rsquo;estale, elle peut servir aussi bien de table de repas que de bureau. Elle trouve sa place dans une pi\u00e8ce de vie ou peut \u00eatre install\u00e9e \u00e0 l&rsquo;abri de la pluie sous un patio d&rsquo;\u00e9t\u00e9, offrant ainsi une polyvalence remarquable.<\/p>\n<p>Dot\u00e9e d&rsquo;un style campagne chic revisit\u00e9, cette table devient une pi\u00e8ce ma\u00eetresse de la collection rotin, apportant une touche raffin\u00e9e \u00e0 tout espace. La finition est disponible en trois couleurs au choix : naturel clair, miel ou brun fonc\u00e9, avec un vernis incolore pour assurer sa protection.<\/p>\n<p>Chaque table est confectionn\u00e9e de mani\u00e8re unique, avec des d\u00e9lais de fabrication n\u00e9cessitant quelques semaines.<\/p>\n<p>Les dimensions standard sont de D120 cm, et il est important de la prot\u00e9ger de la pluie.<\/p>\n<p>Autres dimensions sur demande \u00e0 partir d&rsquo;un plateau D90 cm<\/p>","protected":false},"excerpt":{"rendered":"<p>Cette table ronde en rotin tiss\u00e9 \u00e0 la main par nos artisans au Maroc incarne la puret\u00e9 et l&rsquo;\u00e9l\u00e9gance absolue. Mont\u00e9e solidement sur un pied d&rsquo;estale, elle peut servir aussi bien de table de repas que de bureau. Elle trouve sa place dans une pi\u00e8ce de vie ou peut \u00eatre install\u00e9e \u00e0 l&rsquo;abri de la [&hellip;]<\/p>","protected":false},"featured_media":8515,"comment_status":"open","ping_status":"closed","template":"","meta":[],"product_cat":[161],"product_tag":[],"class_list":{"0":"post-8514","1":"product","2":"type-product","3":"status-publish","4":"has-post-thumbnail","6":"product_cat-meubles","8":"first","9":"instock","10":"taxable","11":"shipping-taxable","12":"purchasable","13":"product-type-variable"},"jetpack_sharing_enabled":true,"_links":{"self":[{"href":"https:\/\/www.maisonkaina.com\/en\/wp-json\/wp\/v2\/product\/8514","targetHints":{"allow":["GET"]}}],"collection":[{"href":"https:\/\/www.maisonkaina.com\/en\/wp-json\/wp\/v2\/product"}],"about":[{"href":"https:\/\/www.maisonkaina.com\/en\/wp-json\/wp\/v2\/types\/product"}],"replies":[{"embeddable":true,"href":"https:\/\/www.maisonkaina.com\/en\/wp-json\/wp\/v2\/comments?post=8514"}],"wp:featuredmedia":[{"embeddable":true,"href":"https:\/\/www.maisonkaina.com\/en\/wp-json\/wp\/v2\/media\/8515"}],"wp:attachment":[{"href":"https:\/\/www.maisonkaina.com\/en\/wp-json\/wp\/v2\/media?parent=8514"}],"wp:term":[{"taxonomy":"product_cat","embeddable":true,"href":"https:\/\/www.maisonkaina.com\/en\/wp-json\/wp\/v2\/product_cat?post=8514"},{"taxonomy":"product_tag","embeddable":true,"href":"https:\/\/www.maisonkaina.com\/en\/wp-json\/wp\/v2\/product_tag?post=8514"}],"curies":[{"name":"wp","href":"https:\/\/api.w.org\/{rel}","templated":true}]}}