{"id":8517,"date":"2023-11-04T01:28:57","date_gmt":"2023-11-04T01:28:57","guid":{"rendered":"https:\/\/www.maisonkaina.com\/?post_type=product&#038;p=8517"},"modified":"2024-01-03T01:16:36","modified_gmt":"2024-01-03T01:16:36","slug":"tables-vague-en-rotin-et-metal","status":"publish","type":"product","link":"https:\/\/www.maisonkaina.com\/en\/product\/tables-vague-en-rotin-et-metal\/","title":{"rendered":"Tables Vague En Rotin Et M\u00e9tal"},"content":{"rendered":"<p>Optez pour nos tables dot\u00e9es de pieds en fer forg\u00e9 et d&rsquo;un plateau en rotin. Elles arborent des lignes sinueuses et sont disponibles en diff\u00e9rentes hauteurs, qu&rsquo;il s&rsquo;agisse de tables hautes, basses ou d&rsquo;appoint, pour sublimer votre int\u00e9rieur.<\/p>\n<p>Les pieds sont trait\u00e9s avec une finition en m\u00e9tal \u00e9poxy. Vous pouvez choisir parmi trois couleurs de plateau : naturel clair, miel ou brun fonc\u00e9. Le rotin est prot\u00e9g\u00e9 par un vernis incolore. La boule en laiton pr\u00e9sente sur les pieds peut \u00eatre conserv\u00e9e ou retir\u00e9e sur demande. Chaque pi\u00e8ce est fabriqu\u00e9e de mani\u00e8re unique, avec un d\u00e9lai de production de quelques semaines. Il est recommand\u00e9 de prot\u00e9ger le plateau de la pluie.<\/p>\n<p>&nbsp;<\/p>\n<p>Les photos illustrent la finition en miel.<\/p>\n<p>&nbsp;<\/p>\n<p>Dimensions disponibles :<\/p>\n<ul>\n<li>Diam\u00e8tre de 120 cm, hauteur de 75 cm (table haute)<\/li>\n<li>Diam\u00e8tre de 100 cm, hauteur de 40 cm (table basse)<\/li>\n<li>Diam\u00e8tre de 40 cm, hauteur de 40 cm (table d&rsquo;appoint)<\/li>\n<li>Diam\u00e8tre de 65 cm, hauteur de 55 cm (gu\u00e9ridon &#8211; table de chevet)<\/li>\n<\/ul>","protected":false},"excerpt":{"rendered":"<p>Optez pour nos tables dot\u00e9es de pieds en fer forg\u00e9 et d&rsquo;un plateau en rotin. Elles arborent des lignes sinueuses et sont disponibles en diff\u00e9rentes hauteurs, qu&rsquo;il s&rsquo;agisse de tables hautes, basses ou d&rsquo;appoint, pour sublimer votre int\u00e9rieur. Les pieds sont trait\u00e9s avec une finition en m\u00e9tal \u00e9poxy. Vous pouvez choisir parmi trois couleurs de [&hellip;]<\/p>","protected":false},"featured_media":8557,"comment_status":"open","ping_status":"closed","template":"","meta":[],"product_cat":[161],"product_tag":[],"class_list":{"0":"post-8517","1":"product","2":"type-product","3":"status-publish","4":"has-post-thumbnail","6":"product_cat-meubles","8":"first","9":"instock","10":"taxable","11":"shipping-taxable","12":"purchasable","13":"product-type-variable"},"jetpack_sharing_enabled":true,"_links":{"self":[{"href":"https:\/\/www.maisonkaina.com\/en\/wp-json\/wp\/v2\/product\/8517","targetHints":{"allow":["GET"]}}],"collection":[{"href":"https:\/\/www.maisonkaina.com\/en\/wp-json\/wp\/v2\/product"}],"about":[{"href":"https:\/\/www.maisonkaina.com\/en\/wp-json\/wp\/v2\/types\/product"}],"replies":[{"embeddable":true,"href":"https:\/\/www.maisonkaina.com\/en\/wp-json\/wp\/v2\/comments?post=8517"}],"wp:featuredmedia":[{"embeddable":true,"href":"https:\/\/www.maisonkaina.com\/en\/wp-json\/wp\/v2\/media\/8557"}],"wp:attachment":[{"href":"https:\/\/www.maisonkaina.com\/en\/wp-json\/wp\/v2\/media?parent=8517"}],"wp:term":[{"taxonomy":"product_cat","embeddable":true,"href":"https:\/\/www.maisonkaina.com\/en\/wp-json\/wp\/v2\/product_cat?post=8517"},{"taxonomy":"product_tag","embeddable":true,"href":"https:\/\/www.maisonkaina.com\/en\/wp-json\/wp\/v2\/product_tag?post=8517"}],"curies":[{"name":"wp","href":"https:\/\/api.w.org\/{rel}","templated":true}]}}