{"id":8699,"date":"2024-01-03T00:31:26","date_gmt":"2024-01-03T00:31:26","guid":{"rendered":"https:\/\/www.maisonkaina.com\/?post_type=product&#038;p=8699"},"modified":"2024-01-03T00:33:10","modified_gmt":"2024-01-03T00:33:10","slug":"kimono-tapis-bleu","status":"publish","type":"product","link":"https:\/\/www.maisonkaina.com\/en\/product\/kimono-tapis-bleu\/","title":{"rendered":"Kimono Tapis &#8211; Bleu"},"content":{"rendered":"<p>D\u00e9couvrez l&rsquo;\u00e9l\u00e9gance intemporelle du Kimono Tapis, une pi\u00e8ce d&rsquo;exception qui fusionne harmonieusement la richesse de la tradition vestimentaire marocaine avec la splendeur artistique des tapis Amazigh. Con\u00e7u dans un tissu d\u00e9licat qui \u00e9voque la douceur des fibres naturelles, ce kimono incarne la finesse et la gr\u00e2ce.<\/p>\n<p>L&rsquo;inspiration tire sa source des motifs envo\u00fbtants des tapis berb\u00e8res, cr\u00e9ant ainsi une fusion unique entre l&rsquo;histoire ancienne et le design contemporain. Chaque d\u00e9tail, minutieusement travaill\u00e9, raconte une histoire, capturant l&rsquo;esprit artisanal du Maroc. Les couleurs vives et les motifs g\u00e9om\u00e9triques \u00e9voquent le patrimoine riche et diversifi\u00e9 du peuple berb\u00e8re.<\/p>\n<p>La coupe courte du kimono met en valeur l&rsquo;\u00e9l\u00e9gance tout en offrant une libert\u00e9 de mouvement sans pareil. Les manches amples ajoutent une touche de fluidit\u00e9, cr\u00e9ant un \u00e9quilibre parfait entre confort et sophistication. Ce v\u00eatement, \u00e0 la crois\u00e9e des chemins entre l&rsquo;histoire et la modernit\u00e9, saura sublimer vos tenues avec une touche exotique et raffin\u00e9e.<\/p>\n<p>Portez ce Kimono Tapis en toute occasion, que ce soit pour une soir\u00e9e sp\u00e9ciale, un \u00e9v\u00e9nement culturel ou simplement pour r\u00e9v\u00e9ler votre style unique au quotidien. Laissez-vous emporter par la magie des tapis Amazigh, tiss\u00e9s dans le temps, et offrez-vous une exp\u00e9rience vestimentaire qui transcende les fronti\u00e8res du temps et de la g\u00e9ographie.<\/p>","protected":false},"excerpt":{"rendered":"<p>D\u00e9couvrez l&rsquo;\u00e9l\u00e9gance intemporelle du Kimono Tapis, une pi\u00e8ce d&rsquo;exception qui fusionne harmonieusement la richesse de la tradition vestimentaire marocaine avec la splendeur artistique des tapis Amazigh. Con\u00e7u dans un tissu d\u00e9licat qui \u00e9voque la douceur des fibres naturelles, ce kimono incarne la finesse et la gr\u00e2ce. L&rsquo;inspiration tire sa source des motifs envo\u00fbtants des tapis [&hellip;]<\/p>","protected":false},"featured_media":8700,"comment_status":"open","ping_status":"closed","template":"","meta":[],"product_cat":[160],"product_tag":[],"class_list":{"0":"post-8699","1":"product","2":"type-product","3":"status-publish","4":"has-post-thumbnail","6":"product_cat-kimono","8":"first","9":"instock","10":"taxable","11":"shipping-taxable","12":"purchasable","13":"product-type-simple"},"jetpack_sharing_enabled":true,"_links":{"self":[{"href":"https:\/\/www.maisonkaina.com\/en\/wp-json\/wp\/v2\/product\/8699","targetHints":{"allow":["GET"]}}],"collection":[{"href":"https:\/\/www.maisonkaina.com\/en\/wp-json\/wp\/v2\/product"}],"about":[{"href":"https:\/\/www.maisonkaina.com\/en\/wp-json\/wp\/v2\/types\/product"}],"replies":[{"embeddable":true,"href":"https:\/\/www.maisonkaina.com\/en\/wp-json\/wp\/v2\/comments?post=8699"}],"wp:featuredmedia":[{"embeddable":true,"href":"https:\/\/www.maisonkaina.com\/en\/wp-json\/wp\/v2\/media\/8700"}],"wp:attachment":[{"href":"https:\/\/www.maisonkaina.com\/en\/wp-json\/wp\/v2\/media?parent=8699"}],"wp:term":[{"taxonomy":"product_cat","embeddable":true,"href":"https:\/\/www.maisonkaina.com\/en\/wp-json\/wp\/v2\/product_cat?post=8699"},{"taxonomy":"product_tag","embeddable":true,"href":"https:\/\/www.maisonkaina.com\/en\/wp-json\/wp\/v2\/product_tag?post=8699"}],"curies":[{"name":"wp","href":"https:\/\/api.w.org\/{rel}","templated":true}]}}